{"id":10,"date":"2013-03-14T13:00:40","date_gmt":"2013-03-14T11:00:40","guid":{"rendered":"http:\/\/therapietraining.com\/wp\/wp\/?page_id=10"},"modified":"2015-04-17T13:37:45","modified_gmt":"2015-04-17T11:37:45","slug":"diagnostik","status":"publish","type":"page","link":"https:\/\/therapietraining.com\/wp\/?page_id=10","title":{"rendered":"DIAGNOSTIK"},"content":{"rendered":"<p>Das physiotherapeutische Eingangsgespr\u00e4ch ist der Anfang jeder Diagnostik und bestimmt den Weg der daraus resultierenden Therapie. Patienten sollen und k\u00f6nnen ihre oft lange Leidensgeschichte, vorherige Therapieans\u00e4tze und die aktuelle Symptomatik schildern.<\/p>\n<p>Jeder Patient wird manualtherapeutisch und osteopathisch nach dem Konzept der FOI \u00ae ganzheitlich untersucht. Im Vordergrund stehen dabei zentrale Funktionsst\u00f6rungen in der Wirbels\u00e4ule und deren Ursache-Folge-Ketten in der Peripherie (Extremit\u00e4ten).<\/p>\n<p>Befunde und deren Wertung werden mit dem Patienten besprochen, der Therapieverlauf gemeinsam analysiert und ein weiterf\u00fchrender Therapieplan entwickelt.<\/p>\n<p>Jede Therapie ist nur so gut wie die dazugeh\u00f6rige Diagnostik, deshalb ist eine gute Diagnostik von entscheidender Bedeutung. Durch langj\u00e4hrige Berufserfahrung in der Sportphysiotherapie, hochwertige Fortbildung und durch meine eigenen sportlichen Aktivit\u00e4ten k\u00f6nnen Sportverletzungen und sonstige Symptome schnell und zielgerichtet diagnostiziert werden.<\/p>\n<p>Bildgebende Verfahren wie R\u00f6ntgen, MRT, CT und Ultraschall durch Ihren \u00fcberweisenden Arzt vervollst\u00e4ndigen die Diagnostik.<\/p>\n","protected":false},"excerpt":{"rendered":"<p>Das physiotherapeutische Eingangsgespr\u00e4ch ist der Anfang jeder Diagnostik und bestimmt den Weg der daraus resultierenden Therapie. Patienten sollen und k\u00f6nnen &hellip;<a class=\"excerpt\" href=\"https:\/\/therapietraining.com\/wp\/?page_id=10\">Weiterlesen<\/a><\/p>\n","protected":false},"author":1,"featured_media":0,"parent":0,"menu_order":0,"comment_status":"closed","ping_status":"closed","template":"template-pagecreator.php","meta":{"footnotes":""},"_links":{"self":[{"href":"https:\/\/therapietraining.com\/wp\/index.php?rest_route=\/wp\/v2\/pages\/10"}],"collection":[{"href":"https:\/\/therapietraining.com\/wp\/index.php?rest_route=\/wp\/v2\/pages"}],"about":[{"href":"https:\/\/therapietraining.com\/wp\/index.php?rest_route=\/wp\/v2\/types\/page"}],"author":[{"embeddable":true,"href":"https:\/\/therapietraining.com\/wp\/index.php?rest_route=\/wp\/v2\/users\/1"}],"replies":[{"embeddable":true,"href":"https:\/\/therapietraining.com\/wp\/index.php?rest_route=%2Fwp%2Fv2%2Fcomments&post=10"}],"version-history":[{"count":0,"href":"https:\/\/therapietraining.com\/wp\/index.php?rest_route=\/wp\/v2\/pages\/10\/revisions"}],"wp:attachment":[{"href":"https:\/\/therapietraining.com\/wp\/index.php?rest_route=%2Fwp%2Fv2%2Fmedia&parent=10"}],"curies":[{"name":"wp","href":"https:\/\/api.w.org\/{rel}","templated":true}]}}